{"id":40,"date":"2024-10-10T17:43:31","date_gmt":"2024-10-10T17:43:31","guid":{"rendered":"https:\/\/festive-fermi.217-160-208-39.plesk.page\/?page_id=40"},"modified":"2026-04-02T19:25:49","modified_gmt":"2026-04-02T19:25:49","slug":"impressum","status":"publish","type":"page","link":"https:\/\/stegy-vt.de\/index.php\/impressum\/","title":{"rendered":"Impressum"},"content":{"rendered":"<h1>Diensteanbieter<\/h1>\n<p>Yannik Stegmaier Veranstaltungen<br \/>\nZillenbachstr. 10<br \/>\n87541 Bad Hindelang<\/p>\n<h2>Kontaktm\u00f6glichkeiten<\/h2>\n<p>E-Mail-Adresse:<br \/>\ninfo@stegy-vt.de<\/p>\n<p>Telefon:<br \/>\n+49 (0) 176 500 994 96<\/p>\n<h2>Angaben zum Unternehmen<\/h2>\n<p>Umsatzsteuer Identifikationsnummer (USt-ID):<br \/>\nDE305063658<\/p>\n<p>AGB:<br \/>\n<a href=\"https:\/\/stegy-vt.de\/wp-content\/uploads\/2024\/10\/AGB_Yannik_Stegmaier_Veranstaltungen.pdf\" target=\"_blank\" rel=\"noopener\">AGB als PDF<\/a><\/p>\n<h2>Berufshaftpflichtversicherung<\/h2>\n<p>Gothaer Allgemeine Versicherung AG<br \/>\nGothaer Allee 1, 50969 K\u00f6ln (Hausanschrift)<\/p>\n<h2>Online-Streitbeilegung (OS)<\/h2>\n<p>Online-Streitbeilegung: Die Europ\u00e4ische Kommission stellt eine Plattform zur Online-Streitbeilegung (OS) bereit, die Sie unter <a href=\"https:\/\/ec.europa.eu\/consumers\/odr\/\" target=\"_blank\" rel=\"noopener\">https:\/\/ec.europa.eu\/consumers\/odr\/<\/a> finden. Verbraucher haben die M\u00f6glichkeit, diese Plattform f\u00fcr die Beilegung ihrer Streitigkeiten zu nutzen.<\/p>\n<h2>Social Media und andere Onlinepr\u00e4senzen<\/h2>\n<p>Dieses Impressum gilt auch f\u00fcr die folgenden Social-Media-Pr\u00e4senzen und Onlineprofile:<\/p>\n<p><a href=\"https:\/\/www.instagram.com\/stegy_vt\/\" target=\"_blank\" rel=\"noopener\">https:\/\/www.instagram.com\/stegy_vt\/<\/a><\/p>\n<h2>Haftungs- und Schutzrechtshinweise<\/h2>\n<p>Haftungsausschluss: Die Inhalte dieses Onlineangebotes wurden sorgf\u00e4ltig und nach unserem aktuellen Kenntnisstand erstellt, dienen jedoch nur der Information und entfalten keine rechtlich bindende Wirkung, sofern es sich nicht um gesetzlich verpflichtende Informationen (z.B. das Impressum, die Datenschutzerkl\u00e4rung, AGB oder verpflichtende Belehrungen von Verbrauchern) handelt. Wir behalten uns vor, die Inhalte vollst\u00e4ndig oder teilweise zu \u00e4ndern oder zu l\u00f6schen, soweit vertragliche Verpflichtungen unber\u00fchrt bleiben. Alle Angebote sind freibleibend und unverbindlich.<\/p>\n<p>Links auf fremde Webseiten: Die Inhalte fremder Webseiten, auf die wir direkt oder indirekt verweisen, liegen au\u00dferhalb unseres Verantwortungsbereiches und wir machen sie uns nicht zu Eigen. F\u00fcr alle Inhalte und Nachteile, die aus der Nutzung der in den verlinkten Webseiten aufrufbaren Informationen entstehen, \u00fcbernehmen wir keine Verantwortung.<\/p>\n<p>Urheberrechte und Markenrechte: Alle auf dieser Website dargestellten Inhalte, wie Texte, Fotografien, Grafiken, Marken und Warenzeichen sind durch die jeweiligen Schutzrechte (Urheberrechte, Markenrechte) gesch\u00fctzt. Die Verwendung, Vervielf\u00e4ltigung usw. unterliegen unseren Rechten oder den Rechten der jeweiligen Urheber bzw. Rechteinhaber.<\/p>\n<p>Hinweise auf Rechtsverst\u00f6\u00dfe: Sollten Sie innerhalb unseres Internetauftritts Rechtsverst\u00f6\u00dfe bemerken, bitten wir Sie uns auf diese hinzuweisen. Wir werden rechtswidrige Inhalte und Links nach Kenntnisnahme unverz\u00fcglich entfernen.<\/p>\n<p class=\"seal\"><a title=\"Rechtstext von Dr. Schwenke - f\u00fcr weitere Informationen bitte anklicken.\" href=\"https:\/\/datenschutz-generator.de\/\" target=\"_blank\" rel=\"noopener noreferrer nofollow\"><img loading=\"lazy\" decoding=\"async\" src=\"https:\/\/stegy-vt.de\/wp-content\/uploads\/2024\/10\/dsg-seal-doc-de.png\" alt=\"Rechtstext von Dr. Schwenke - f\u00fcr weitere Informationen bitte anklicken.\" width=\"250\" height=\"250\" \/><\/a><\/p>\n","protected":false},"excerpt":{"rendered":"<p>Diensteanbieter Yannik Stegmaier Veranstaltungen Zillenbachstr. 10 87541 Bad Hindelang Kontaktm\u00f6glichkeiten E-Mail-Adresse: info@stegy-vt.de Telefon: +49 (0) 176 500 994 96 Angaben zum Unternehmen Umsatzsteuer Identifikationsnummer (USt-ID): DE305063658 AGB: AGB als PDF Berufshaftpflichtversicherung Gothaer Allgemeine Versicherung AG Gothaer Allee 1, 50969 K\u00f6ln (Hausanschrift) Online-Streitbeilegung (OS) Online-Streitbeilegung: Die Europ\u00e4ische Kommission stellt eine Plattform zur Online-Streitbeilegung (OS) bereit, die &hellip; <\/p>\n<p class=\"link-more\"><a href=\"https:\/\/stegy-vt.de\/index.php\/impressum\/\" class=\"more-link\"><span class=\"screen-reader-text\">\u201eImpressum\u201c<\/span> weiterlesen<\/a><\/p>\n","protected":false},"author":1,"featured_media":0,"parent":0,"menu_order":0,"comment_status":"closed","ping_status":"closed","template":"","meta":{"footnotes":""},"class_list":["post-40","page","type-page","status-publish","hentry"],"_links":{"self":[{"href":"https:\/\/stegy-vt.de\/index.php\/wp-json\/wp\/v2\/pages\/40","targetHints":{"allow":["GET"]}}],"collection":[{"href":"https:\/\/stegy-vt.de\/index.php\/wp-json\/wp\/v2\/pages"}],"about":[{"href":"https:\/\/stegy-vt.de\/index.php\/wp-json\/wp\/v2\/types\/page"}],"author":[{"embeddable":true,"href":"https:\/\/stegy-vt.de\/index.php\/wp-json\/wp\/v2\/users\/1"}],"replies":[{"embeddable":true,"href":"https:\/\/stegy-vt.de\/index.php\/wp-json\/wp\/v2\/comments?post=40"}],"version-history":[{"count":14,"href":"https:\/\/stegy-vt.de\/index.php\/wp-json\/wp\/v2\/pages\/40\/revisions"}],"predecessor-version":[{"id":134,"href":"https:\/\/stegy-vt.de\/index.php\/wp-json\/wp\/v2\/pages\/40\/revisions\/134"}],"wp:attachment":[{"href":"https:\/\/stegy-vt.de\/index.php\/wp-json\/wp\/v2\/media?parent=40"}],"curies":[{"name":"wp","href":"https:\/\/api.w.org\/{rel}","templated":true}]}}