{"id":19,"date":"2024-10-10T17:36:40","date_gmt":"2024-10-10T17:36:40","guid":{"rendered":"https:\/\/festive-fermi.217-160-208-39.plesk.page\/?page_id=19"},"modified":"2024-10-11T18:56:14","modified_gmt":"2024-10-11T18:56:14","slug":"ueber-uns","status":"publish","type":"page","link":"https:\/\/stegy-vt.de\/index.php\/ueber-uns\/","title":{"rendered":"\u00dcber uns"},"content":{"rendered":"\r\n<p>Willkommen auf unserer Internetseite. Eine Beschreibung folgt in K\u00fcrze.<br \/>Danke, f\u00fcr dein Verst\u00e4ndnis.<\/p>\r\n","protected":false},"excerpt":{"rendered":"<p>Willkommen auf unserer Internetseite. Eine Beschreibung folgt in K\u00fcrze.Danke, f\u00fcr dein Verst\u00e4ndnis.<\/p>\n","protected":false},"author":1,"featured_media":92,"parent":0,"menu_order":0,"comment_status":"closed","ping_status":"closed","template":"","meta":{"footnotes":""},"class_list":["post-19","page","type-page","status-publish","has-post-thumbnail","hentry"],"_links":{"self":[{"href":"https:\/\/stegy-vt.de\/index.php\/wp-json\/wp\/v2\/pages\/19","targetHints":{"allow":["GET"]}}],"collection":[{"href":"https:\/\/stegy-vt.de\/index.php\/wp-json\/wp\/v2\/pages"}],"about":[{"href":"https:\/\/stegy-vt.de\/index.php\/wp-json\/wp\/v2\/types\/page"}],"author":[{"embeddable":true,"href":"https:\/\/stegy-vt.de\/index.php\/wp-json\/wp\/v2\/users\/1"}],"replies":[{"embeddable":true,"href":"https:\/\/stegy-vt.de\/index.php\/wp-json\/wp\/v2\/comments?post=19"}],"version-history":[{"count":2,"href":"https:\/\/stegy-vt.de\/index.php\/wp-json\/wp\/v2\/pages\/19\/revisions"}],"predecessor-version":[{"id":79,"href":"https:\/\/stegy-vt.de\/index.php\/wp-json\/wp\/v2\/pages\/19\/revisions\/79"}],"wp:featuredmedia":[{"embeddable":true,"href":"https:\/\/stegy-vt.de\/index.php\/wp-json\/wp\/v2\/media\/92"}],"wp:attachment":[{"href":"https:\/\/stegy-vt.de\/index.php\/wp-json\/wp\/v2\/media?parent=19"}],"curies":[{"name":"wp","href":"https:\/\/api.w.org\/{rel}","templated":true}]}}