{"id":18,"date":"2024-10-10T17:36:40","date_gmt":"2024-10-10T17:36:40","guid":{"rendered":"https:\/\/festive-fermi.217-160-208-39.plesk.page\/?page_id=18"},"modified":"2024-10-11T20:04:39","modified_gmt":"2024-10-11T20:04:39","slug":"startseite","status":"publish","type":"page","link":"https:\/\/stegy-vt.de\/","title":{"rendered":"Home"},"content":{"rendered":"\r\n<p>Wir begleiten dich auf deinem Weg zu deiner einzigartigen Veranstaltung. Von der Ideenfindung, \u00fcber Konzipierung und Planung, bis hin zur Durchf\u00fchrung und Nachbereitung unterst\u00fctzen wir dich gerne mit unserer langj\u00e4hrigen Erfahrung. Gemeinsam bestreiten wir Konzerte, Tourneen, Firmen- oder Sportevents, Livestreams und vieles mehr.<\/p>\r\n<p>Zusammen mit unserem regionalen und \u00fcberregionalen Netzwerk sind wir bestens gewappnet f\u00fcr kleine und gro\u00dfe Events in ganz Deutschland.<\/p>\r\n<p>Wir freuen uns auf deine Anfrage.<\/p>\r\n","protected":false},"excerpt":{"rendered":"<p>Wir begleiten dich auf deinem Weg zu deiner einzigartigen Veranstaltung. Von der Ideenfindung, \u00fcber Konzipierung und Planung, bis hin zur Durchf\u00fchrung und Nachbereitung unterst\u00fctzen wir dich gerne mit unserer langj\u00e4hrigen Erfahrung. Gemeinsam bestreiten wir Konzerte, Tourneen, Firmen- oder Sportevents, Livestreams und vieles mehr. Zusammen mit unserem regionalen und \u00fcberregionalen Netzwerk sind wir bestens gewappnet f\u00fcr &hellip; <\/p>\n<p class=\"link-more\"><a href=\"https:\/\/stegy-vt.de\/\" class=\"more-link\"><span class=\"screen-reader-text\">\u201eHome\u201c<\/span> weiterlesen<\/a><\/p>\n","protected":false},"author":1,"featured_media":0,"parent":0,"menu_order":0,"comment_status":"closed","ping_status":"closed","template":"","meta":{"footnotes":""},"class_list":["post-18","page","type-page","status-publish","hentry"],"_links":{"self":[{"href":"https:\/\/stegy-vt.de\/index.php\/wp-json\/wp\/v2\/pages\/18","targetHints":{"allow":["GET"]}}],"collection":[{"href":"https:\/\/stegy-vt.de\/index.php\/wp-json\/wp\/v2\/pages"}],"about":[{"href":"https:\/\/stegy-vt.de\/index.php\/wp-json\/wp\/v2\/types\/page"}],"author":[{"embeddable":true,"href":"https:\/\/stegy-vt.de\/index.php\/wp-json\/wp\/v2\/users\/1"}],"replies":[{"embeddable":true,"href":"https:\/\/stegy-vt.de\/index.php\/wp-json\/wp\/v2\/comments?post=18"}],"version-history":[{"count":2,"href":"https:\/\/stegy-vt.de\/index.php\/wp-json\/wp\/v2\/pages\/18\/revisions"}],"predecessor-version":[{"id":91,"href":"https:\/\/stegy-vt.de\/index.php\/wp-json\/wp\/v2\/pages\/18\/revisions\/91"}],"wp:attachment":[{"href":"https:\/\/stegy-vt.de\/index.php\/wp-json\/wp\/v2\/media?parent=18"}],"curies":[{"name":"wp","href":"https:\/\/api.w.org\/{rel}","templated":true}]}}